{"id":3556,"date":"2023-07-31T08:58:05","date_gmt":"2023-07-31T08:58:05","guid":{"rendered":"https:\/\/www.ceramiquesalbert.com\/serveis\/installacio-de-mampares-mobles-de-bany-i-accessoris\/"},"modified":"2023-09-06T10:21:47","modified_gmt":"2023-09-06T10:21:47","slug":"installacio-de-mampares-mobles-de-bany-i-accessoris","status":"publish","type":"page","link":"https:\/\/www.ceramiquesalbert.com\/es\/serveis\/installacio-de-mampares-mobles-de-bany-i-accessoris\/","title":{"rendered":"Instalaci\u00f3n de materiales"},"content":{"rendered":"\t\t<div data-elementor-type=\"wp-page\" data-elementor-id=\"3556\" class=\"elementor elementor-3556 elementor-2883\">\n\t\t\t\t\t\t<section class=\"elementor-section elementor-top-section elementor-element elementor-element-1faca54f elementor-section-boxed elementor-section-height-default elementor-section-height-default\" data-id=\"1faca54f\" data-element_type=\"section\">\n\t\t\t\t\t\t<div class=\"elementor-container elementor-column-gap-default\">\n\t\t\t\t\t<div class=\"elementor-column elementor-col-100 elementor-top-column elementor-element elementor-element-13b2d2ae\" data-id=\"13b2d2ae\" data-element_type=\"column\">\n\t\t\t<div class=\"elementor-widget-wrap elementor-element-populated\">\n\t\t\t\t\t\t<div class=\"elementor-element elementor-element-7c3a252f elementor-widget elementor-widget-text-editor\" data-id=\"7c3a252f\" data-element_type=\"widget\" data-widget_type=\"text-editor.default\">\n\t\t\t\t<div class=\"elementor-widget-container\">\n\t\t\t\t\t\t\t\t\t<p>En Cer\u00e0miques Albert, nos dedicamos con pasi\u00f3n y excelencia a ofrecerle un servicio completo de instalaci\u00f3n para sus necesidades de ba\u00f1o. Desde mamparas elegantes y funcionales hasta muebles de ba\u00f1o que combinan estilo y funcionalidad, y accesorios que enriquecen la experiencia de su ba\u00f1o, somos su socio de confianza para la transformaci\u00f3n de sus espacios.<\/p>\t\t\t\t\t\t\t\t<\/div>\n\t\t\t\t<\/div>\n\t\t\t\t\t<\/div>\n\t\t<\/div>\n\t\t\t\t\t<\/div>\n\t\t<\/section>\n\t\t\t\t<section class=\"elementor-section elementor-top-section elementor-element elementor-element-5fa5e6d0 elementor-section-boxed elementor-section-height-default elementor-section-height-default\" data-id=\"5fa5e6d0\" data-element_type=\"section\">\n\t\t\t\t\t\t<div class=\"elementor-container elementor-column-gap-extended\">\n\t\t\t\t\t<div class=\"elementor-column elementor-col-50 elementor-top-column elementor-element elementor-element-56ce238c\" data-id=\"56ce238c\" data-element_type=\"column\">\n\t\t\t<div class=\"elementor-widget-wrap elementor-element-populated\">\n\t\t\t\t\t\t<div class=\"elementor-element elementor-element-3b8c1f08 elementor-widget elementor-widget-heading\" data-id=\"3b8c1f08\" data-element_type=\"widget\" data-widget_type=\"heading.default\">\n\t\t\t\t<div class=\"elementor-widget-container\">\n\t\t\t\t\t<h2 class=\"elementor-heading-title elementor-size-default\">Instalaci\u00f3n de materiales<\/h2>\t\t\t\t<\/div>\n\t\t\t\t<\/div>\n\t\t\t\t<div class=\"elementor-element elementor-element-19620260 elementor-widget elementor-widget-text-editor\" data-id=\"19620260\" data-element_type=\"widget\" data-widget_type=\"text-editor.default\">\n\t\t\t\t<div class=\"elementor-widget-container\">\n\t\t\t\t\t\t\t\t\tNuestras mamparas est\u00e1n instaladas con la m\u00e1xima precisi\u00f3n y atenci\u00f3n a los detalles. Nuestro equipo de instaladores expertos asegura que cada mampara encaje perfectamente en su espacio, garantizando una instalaci\u00f3n segura y fiable. Ya sea una mampara para ducha o para ba\u00f1era, le aseguramos un acabado impecable y una sensaci\u00f3n de lujo en su ba\u00f1o.\n\nNuestros muebles de ba\u00f1o est\u00e1n instalados con el cuidado y el profesionalismo que merecen.\t\t\t\t\t\t\t\t<\/div>\n\t\t\t\t<\/div>\n\t\t\t\t\t<\/div>\n\t\t<\/div>\n\t\t\t\t<div class=\"elementor-column elementor-col-50 elementor-top-column elementor-element elementor-element-7e571113\" data-id=\"7e571113\" data-element_type=\"column\">\n\t\t\t<div class=\"elementor-widget-wrap elementor-element-populated\">\n\t\t\t\t\t\t<div class=\"elementor-element elementor-element-782d7b97 gallery-spacing-custom elementor-widget elementor-widget-image-gallery\" data-id=\"782d7b97\" data-element_type=\"widget\" data-widget_type=\"image-gallery.default\">\n\t\t\t\t<div class=\"elementor-widget-container\">\n\t\t\t\t\t\t\t<div class=\"elementor-image-gallery\">\n\t\t\t<div id='gallery-1' class='gallery galleryid-3556 gallery-columns-1 gallery-size-full'><figure class='gallery-item'>\n\t\t\t<div class='gallery-icon landscape'>\n\t\t\t\t<a data-elementor-open-lightbox=\"yes\" data-elementor-lightbox-slideshow=\"782d7b97\" data-elementor-lightbox-title=\"servei-materials\" data-e-action-hash=\"#elementor-action%3Aaction%3Dlightbox%26settings%3DeyJpZCI6MzUyNSwidXJsIjoiaHR0cHM6XC9cL3d3dy5jZXJhbWlxdWVzYWxiZXJ0LmNvbVwvd3AtY29udGVudFwvdXBsb2Fkc1wvMjAyM1wvMDhcL3NlcnZlaS1tYXRlcmlhbHMuanBnIiwic2xpZGVzaG93IjoiNzgyZDdiOTcifQ%3D%3D\" href='https:\/\/www.ceramiquesalbert.com\/wp-content\/uploads\/2023\/08\/servei-materials.jpg'><img fetchpriority=\"high\" decoding=\"async\" width=\"850\" height=\"550\" src=\"https:\/\/www.ceramiquesalbert.com\/wp-content\/uploads\/2023\/08\/servei-materials.jpg\" class=\"attachment-full size-full\" alt=\"\" srcset=\"https:\/\/www.ceramiquesalbert.com\/wp-content\/uploads\/2023\/08\/servei-materials.jpg 850w, https:\/\/www.ceramiquesalbert.com\/wp-content\/uploads\/2023\/08\/servei-materials-300x194.jpg 300w, https:\/\/www.ceramiquesalbert.com\/wp-content\/uploads\/2023\/08\/servei-materials-768x497.jpg 768w, https:\/\/www.ceramiquesalbert.com\/wp-content\/uploads\/2023\/08\/servei-materials-380x245.jpg 380w\" sizes=\"(max-width: 850px) 100vw, 850px\" \/><\/a>\n\t\t\t<\/div><\/figure>\n\t\t<\/div>\n\t\t<\/div>\n\t\t\t\t\t\t<\/div>\n\t\t\t\t<\/div>\n\t\t\t\t\t<\/div>\n\t\t<\/div>\n\t\t\t\t\t<\/div>\n\t\t<\/section>\n\t\t\t\t<section class=\"elementor-section elementor-top-section elementor-element elementor-element-c6c35de elementor-section-boxed elementor-section-height-default elementor-section-height-default\" data-id=\"c6c35de\" data-element_type=\"section\">\n\t\t\t\t\t\t<div class=\"elementor-container elementor-column-gap-default\">\n\t\t\t\t\t<div class=\"elementor-column elementor-col-100 elementor-top-column elementor-element elementor-element-f6ac495\" data-id=\"f6ac495\" data-element_type=\"column\">\n\t\t\t<div class=\"elementor-widget-wrap elementor-element-populated\">\n\t\t\t\t\t\t<div class=\"elementor-element elementor-element-0e119eb elementor-widget__width-initial elementor-widget elementor-widget-text-editor\" data-id=\"0e119eb\" data-element_type=\"widget\" data-widget_type=\"text-editor.default\">\n\t\t\t\t<div class=\"elementor-widget-container\">\n\t\t\t\t\t\t\t\t\tTenemos la experiencia y el conocimiento para asegurarnos de que cada mueble se ajuste perfectamente al espacio disponible, optimizando la funcionalidad sin comprometer la est\u00e9tica. Su satisfacci\u00f3n es nuestro objetivo, y trabajamos con dedicaci\u00f3n para aportar el toque final perfecto a su ba\u00f1o.\n\nNuestra prioridad es superar sus expectativas en cada paso del proceso de instalaci\u00f3n. Trabajamos con puntualidad y eficiencia para que pueda disfrutar r\u00e1pidamente de sus nuevos elementos de ba\u00f1o. Nuestro equipo est\u00e1 preparado para responder a preguntas y abordar cualquier necesidad durante el proceso de instalaci\u00f3n.\t\t\t\t\t\t\t\t<\/div>\n\t\t\t\t<\/div>\n\t\t\t\t\t<\/div>\n\t\t<\/div>\n\t\t\t\t\t<\/div>\n\t\t<\/section>\n\t\t\t\t<\/div>\n\t\t","protected":false},"excerpt":{"rendered":"<p>Instalaci\u00f3n de mamparas, muebles de ba\u00f1o y accesorios.<\/p>\n","protected":false},"author":1,"featured_media":3490,"parent":3555,"menu_order":0,"comment_status":"closed","ping_status":"closed","template":"","meta":{"_acf_changed":false,"_monsterinsights_skip_tracking":false,"_monsterinsights_sitenote_active":false,"_monsterinsights_sitenote_note":"","_monsterinsights_sitenote_category":0,"footnotes":""},"class_list":["post-3556","page","type-page","status-publish","has-post-thumbnail","hentry"],"acf":[],"aioseo_notices":[],"_links":{"self":[{"href":"https:\/\/www.ceramiquesalbert.com\/es\/wp-json\/wp\/v2\/pages\/3556","targetHints":{"allow":["GET"]}}],"collection":[{"href":"https:\/\/www.ceramiquesalbert.com\/es\/wp-json\/wp\/v2\/pages"}],"about":[{"href":"https:\/\/www.ceramiquesalbert.com\/es\/wp-json\/wp\/v2\/types\/page"}],"author":[{"embeddable":true,"href":"https:\/\/www.ceramiquesalbert.com\/es\/wp-json\/wp\/v2\/users\/1"}],"replies":[{"embeddable":true,"href":"https:\/\/www.ceramiquesalbert.com\/es\/wp-json\/wp\/v2\/comments?post=3556"}],"version-history":[{"count":6,"href":"https:\/\/www.ceramiquesalbert.com\/es\/wp-json\/wp\/v2\/pages\/3556\/revisions"}],"predecessor-version":[{"id":3750,"href":"https:\/\/www.ceramiquesalbert.com\/es\/wp-json\/wp\/v2\/pages\/3556\/revisions\/3750"}],"up":[{"embeddable":true,"href":"https:\/\/www.ceramiquesalbert.com\/es\/wp-json\/wp\/v2\/pages\/3555"}],"wp:featuredmedia":[{"embeddable":true,"href":"https:\/\/www.ceramiquesalbert.com\/es\/wp-json\/wp\/v2\/media\/3490"}],"wp:attachment":[{"href":"https:\/\/www.ceramiquesalbert.com\/es\/wp-json\/wp\/v2\/media?parent=3556"}],"curies":[{"name":"wp","href":"https:\/\/api.w.org\/{rel}","templated":true}]}}