{"id":3555,"date":"2020-02-12T13:58:15","date_gmt":"2020-02-12T13:58:15","guid":{"rendered":"https:\/\/www.ceramiquesalbert.com\/serveis\/"},"modified":"2023-09-06T09:33:21","modified_gmt":"2023-09-06T09:33:21","slug":"serveis","status":"publish","type":"page","link":"https:\/\/www.ceramiquesalbert.com\/es\/serveis\/","title":{"rendered":"Servicios"},"content":{"rendered":"\t\t<div data-elementor-type=\"wp-page\" data-elementor-id=\"3555\" class=\"elementor elementor-3555 elementor-75\">\n\t\t\t\t\t\t<section class=\"elementor-section elementor-top-section elementor-element elementor-element-2e03074 elementor-section-boxed elementor-section-height-default elementor-section-height-default\" data-id=\"2e03074\" data-element_type=\"section\">\n\t\t\t\t\t\t<div class=\"elementor-container elementor-column-gap-wide\">\n\t\t\t\t\t<div class=\"elementor-column elementor-col-33 elementor-top-column elementor-element elementor-element-cfaff56\" data-id=\"cfaff56\" data-element_type=\"column\">\n\t\t\t<div class=\"elementor-widget-wrap elementor-element-populated\">\n\t\t\t\t\t\t<div class=\"elementor-element elementor-element-f31ce97 elementor-align-center elementor-widget elementor-widget-qt-featured-page\" data-id=\"f31ce97\" data-element_type=\"widget\" data-widget_type=\"qt-featured-page.default\">\n\t\t\t\t<div class=\"elementor-widget-container\">\n\t\t\t\t\t\n        \n            <div class=\"featured__page\">\n                                \n                                    <a href=\"https:\/\/www.ceramiquesalbert.com\/es\/serveis\/installacio-de-mampares-mobles-de-bany-i-accessoris\/\" class=\"featured__page__image\">\n                        <img fetchpriority=\"high\" decoding=\"async\" width=\"380\" height=\"245\" src=\"https:\/\/www.ceramiquesalbert.com\/wp-content\/uploads\/2023\/07\/servei-materials-380x245.jpg\" class=\"attachment-thermen-qt-featured-l size-thermen-qt-featured-l\" alt=\"Instalaci\u00f3n de materiales\" srcset=\"https:\/\/www.ceramiquesalbert.com\/wp-content\/uploads\/2023\/07\/servei-materials-380x245.jpg 380w, https:\/\/www.ceramiquesalbert.com\/wp-content\/uploads\/2023\/07\/servei-materials-300x194.jpg 300w, https:\/\/www.ceramiquesalbert.com\/wp-content\/uploads\/2023\/07\/servei-materials-768x497.jpg 768w, https:\/\/www.ceramiquesalbert.com\/wp-content\/uploads\/2023\/07\/servei-materials.jpg 850w\" sizes=\"(min-width: 781px) 280px, calc(100vw - 30px)\" \/>                    <\/a>\n                \n                <div class=\"featured__page__content\">\n\n                    <h5 class=\"featured__page__title\"><a href=\"https:\/\/www.ceramiquesalbert.com\/es\/serveis\/installacio-de-mampares-mobles-de-bany-i-accessoris\/\">Instalaci\u00f3n de materiales<\/a><\/h5>\n\n                                            <p>Instalaci\u00f3n de mamparas, muebles de ba\u00f1o y accesorios.<\/p>\n                    \n                <\/div>\n\n                                    <a href=\"https:\/\/www.ceramiquesalbert.com\/es\/serveis\/installacio-de-mampares-mobles-de-bany-i-accessoris\/\" class=\"page__more\">Leer m\u00e1s<i class=\"fas fa-long-arrow-alt-right\"><\/i><\/a>\n                                \n            <\/div>\n\n        \n    \t\t\t\t<\/div>\n\t\t\t\t<\/div>\n\t\t\t\t\t<\/div>\n\t\t<\/div>\n\t\t\t\t<div class=\"elementor-column elementor-col-33 elementor-top-column elementor-element elementor-element-2102c98\" data-id=\"2102c98\" data-element_type=\"column\">\n\t\t\t<div class=\"elementor-widget-wrap elementor-element-populated\">\n\t\t\t\t\t\t<div class=\"elementor-element elementor-element-5a4fe94 elementor-align-center elementor-widget elementor-widget-qt-featured-page\" data-id=\"5a4fe94\" data-element_type=\"widget\" data-widget_type=\"qt-featured-page.default\">\n\t\t\t\t<div class=\"elementor-widget-container\">\n\t\t\t\t\t\n        \n            <div class=\"featured__page\">\n                                \n                                    <a href=\"https:\/\/www.ceramiquesalbert.com\/es\/serveis\/servei-de-transport-dels-materials\/\" class=\"featured__page__image\">\n                        <img decoding=\"async\" width=\"380\" height=\"245\" src=\"https:\/\/www.ceramiquesalbert.com\/wp-content\/uploads\/2023\/07\/servei-transport-380x245.jpg\" class=\"attachment-thermen-qt-featured-l size-thermen-qt-featured-l\" alt=\"Servicio de transporte\" srcset=\"https:\/\/www.ceramiquesalbert.com\/wp-content\/uploads\/2023\/07\/servei-transport-380x245.jpg 380w, https:\/\/www.ceramiquesalbert.com\/wp-content\/uploads\/2023\/07\/servei-transport-300x194.jpg 300w, https:\/\/www.ceramiquesalbert.com\/wp-content\/uploads\/2023\/07\/servei-transport-768x497.jpg 768w, https:\/\/www.ceramiquesalbert.com\/wp-content\/uploads\/2023\/07\/servei-transport.jpg 850w\" sizes=\"(min-width: 781px) 280px, calc(100vw - 30px)\" \/>                    <\/a>\n                \n                <div class=\"featured__page__content\">\n\n                    <h5 class=\"featured__page__title\"><a href=\"https:\/\/www.ceramiquesalbert.com\/es\/serveis\/servei-de-transport-dels-materials\/\">Servicio de transporte<\/a><\/h5>\n\n                                            <p>Te traemos tu pedido desde nuestras instalaciones hasta tu casa.<\/p>\n                    \n                <\/div>\n\n                                    <a href=\"https:\/\/www.ceramiquesalbert.com\/es\/serveis\/servei-de-transport-dels-materials\/\" class=\"page__more\">Leer m\u00e1s<i class=\"fas fa-long-arrow-alt-right\"><\/i><\/a>\n                                \n            <\/div>\n\n        \n    \t\t\t\t<\/div>\n\t\t\t\t<\/div>\n\t\t\t\t\t<\/div>\n\t\t<\/div>\n\t\t\t\t<div class=\"elementor-column elementor-col-33 elementor-top-column elementor-element elementor-element-6a52590\" data-id=\"6a52590\" data-element_type=\"column\">\n\t\t\t<div class=\"elementor-widget-wrap elementor-element-populated\">\n\t\t\t\t\t\t<div class=\"elementor-element elementor-element-ab16ec0 elementor-align-center elementor-widget elementor-widget-qt-featured-page\" data-id=\"ab16ec0\" data-element_type=\"widget\" data-widget_type=\"qt-featured-page.default\">\n\t\t\t\t<div class=\"elementor-widget-container\">\n\t\t\t\t\t\n        \n            <div class=\"featured__page\">\n                                \n                                    <a href=\"https:\/\/www.ceramiquesalbert.com\/es\/serveis\/servei-dinteriorisme\/\" class=\"featured__page__image\">\n                        <img decoding=\"async\" width=\"380\" height=\"245\" src=\"https:\/\/www.ceramiquesalbert.com\/wp-content\/uploads\/2023\/07\/servei-interiorisme-380x245.jpg\" class=\"attachment-thermen-qt-featured-l size-thermen-qt-featured-l\" alt=\"Servicio de interiorismo\" srcset=\"https:\/\/www.ceramiquesalbert.com\/wp-content\/uploads\/2023\/07\/servei-interiorisme-380x245.jpg 380w, https:\/\/www.ceramiquesalbert.com\/wp-content\/uploads\/2023\/07\/servei-interiorisme-300x194.jpg 300w, https:\/\/www.ceramiquesalbert.com\/wp-content\/uploads\/2023\/07\/servei-interiorisme-768x497.jpg 768w, https:\/\/www.ceramiquesalbert.com\/wp-content\/uploads\/2023\/07\/servei-interiorisme.jpg 850w\" sizes=\"(min-width: 781px) 280px, calc(100vw - 30px)\" \/>                    <\/a>\n                \n                <div class=\"featured__page__content\">\n\n                    <h5 class=\"featured__page__title\"><a href=\"https:\/\/www.ceramiquesalbert.com\/es\/serveis\/servei-dinteriorisme\/\">Servicio de interiorismo<\/a><\/h5>\n\n                                            <p>Te ofrecemos la posibilidad de trabajar de la mano de nuestros interioristas.<\/p>\n                    \n                <\/div>\n\n                                    <a href=\"https:\/\/www.ceramiquesalbert.com\/es\/serveis\/servei-dinteriorisme\/\" class=\"page__more\">Leer m\u00e1s<i class=\"fas fa-long-arrow-alt-right\"><\/i><\/a>\n                                \n            <\/div>\n\n        \n    \t\t\t\t<\/div>\n\t\t\t\t<\/div>\n\t\t\t\t\t<\/div>\n\t\t<\/div>\n\t\t\t\t\t<\/div>\n\t\t<\/section>\n\t\t\t\t<\/div>\n\t\t","protected":false},"excerpt":{"rendered":"<p>Instalaci\u00f3n de materiales Instal\u00b7laci\u00f3 de mampares, mobles de bany i accessoris. Leer m\u00e1s Servicio de transporte Et portem la teva comanda des de les nostres instal\u00b7lacions fins a casa teva. Leer m\u00e1s Servicio de interiorismo T&#039;oferim la possibilitat de treballar de la m\u00e0 dels nostres interioristes. Leer m\u00e1s<\/p>\n","protected":false},"author":1,"featured_media":0,"parent":0,"menu_order":0,"comment_status":"closed","ping_status":"closed","template":"","meta":{"_acf_changed":false,"_monsterinsights_skip_tracking":false,"_monsterinsights_sitenote_active":false,"_monsterinsights_sitenote_note":"","_monsterinsights_sitenote_category":0,"footnotes":""},"class_list":["post-3555","page","type-page","status-publish","hentry"],"acf":[],"aioseo_notices":[],"_links":{"self":[{"href":"https:\/\/www.ceramiquesalbert.com\/es\/wp-json\/wp\/v2\/pages\/3555","targetHints":{"allow":["GET"]}}],"collection":[{"href":"https:\/\/www.ceramiquesalbert.com\/es\/wp-json\/wp\/v2\/pages"}],"about":[{"href":"https:\/\/www.ceramiquesalbert.com\/es\/wp-json\/wp\/v2\/types\/page"}],"author":[{"embeddable":true,"href":"https:\/\/www.ceramiquesalbert.com\/es\/wp-json\/wp\/v2\/users\/1"}],"replies":[{"embeddable":true,"href":"https:\/\/www.ceramiquesalbert.com\/es\/wp-json\/wp\/v2\/comments?post=3555"}],"version-history":[{"count":9,"href":"https:\/\/www.ceramiquesalbert.com\/es\/wp-json\/wp\/v2\/pages\/3555\/revisions"}],"predecessor-version":[{"id":3700,"href":"https:\/\/www.ceramiquesalbert.com\/es\/wp-json\/wp\/v2\/pages\/3555\/revisions\/3700"}],"wp:attachment":[{"href":"https:\/\/www.ceramiquesalbert.com\/es\/wp-json\/wp\/v2\/media?parent=3555"}],"curies":[{"name":"wp","href":"https:\/\/api.w.org\/{rel}","templated":true}]}}