{"id":3554,"date":"2020-02-13T14:58:15","date_gmt":"2020-02-13T14:58:15","guid":{"rendered":"https:\/\/www.ceramiquesalbert.com\/productes\/sanitaris\/"},"modified":"2023-09-06T10:15:57","modified_gmt":"2023-09-06T10:15:57","slug":"sanitaris","status":"publish","type":"page","link":"https:\/\/www.ceramiquesalbert.com\/es\/productes\/sanitaris\/","title":{"rendered":"Sanitarios"},"content":{"rendered":"\t\t<div data-elementor-type=\"wp-page\" data-elementor-id=\"3554\" class=\"elementor elementor-3554 elementor-967\">\n\t\t\t\t\t\t<section class=\"elementor-section elementor-top-section elementor-element elementor-element-24eb26a3 elementor-section-boxed elementor-section-height-default elementor-section-height-default\" data-id=\"24eb26a3\" data-element_type=\"section\">\n\t\t\t\t\t\t<div class=\"elementor-container elementor-column-gap-default\">\n\t\t\t\t\t<div class=\"elementor-column elementor-col-100 elementor-top-column elementor-element elementor-element-4376dd0a\" data-id=\"4376dd0a\" data-element_type=\"column\">\n\t\t\t<div class=\"elementor-widget-wrap elementor-element-populated\">\n\t\t\t\t\t\t<div class=\"elementor-element elementor-element-710fda34 elementor-widget elementor-widget-text-editor\" data-id=\"710fda34\" data-element_type=\"widget\" data-widget_type=\"text-editor.default\">\n\t\t\t\t<div class=\"elementor-widget-container\">\n\t\t\t\t\t\t\t\t\tEn Cer\u00e0miques Albert, le ofrecemos una amplia gama de productos de agua y ba\u00f1o para satisfacer sus necesidades en dise\u00f1o y funcionalidad. Con una pasi\u00f3n por la calidad y la excelencia en nuestra selecci\u00f3n de sanitarios, platos de ducha y grifer\u00edas, aspiramos a convertir su ba\u00f1o y cocina en espacios elegantes, funcionales y acogedores.\t\t\t\t\t\t\t\t<\/div>\n\t\t\t\t<\/div>\n\t\t\t\t\t<\/div>\n\t\t<\/div>\n\t\t\t\t\t<\/div>\n\t\t<\/section>\n\t\t\t\t<section class=\"elementor-section elementor-top-section elementor-element elementor-element-6481c62 elementor-section-boxed elementor-section-height-default elementor-section-height-default\" data-id=\"6481c62\" data-element_type=\"section\">\n\t\t\t\t\t\t<div class=\"elementor-container elementor-column-gap-default\">\n\t\t\t\t\t<div class=\"elementor-column elementor-col-100 elementor-top-column elementor-element elementor-element-e9895f8\" data-id=\"e9895f8\" data-element_type=\"column\">\n\t\t\t<div class=\"elementor-widget-wrap elementor-element-populated\">\n\t\t\t\t\t\t<div class=\"elementor-element elementor-element-ee9844e elementor-widget elementor-widget-heading\" data-id=\"ee9844e\" data-element_type=\"widget\" data-widget_type=\"heading.default\">\n\t\t\t\t<div class=\"elementor-widget-container\">\n\t\t\t\t\t<h2 class=\"elementor-heading-title elementor-size-default\">Sanitarios, platos de ducha y grifer\u00edas de ba\u00f1o y cocina<\/h2>\t\t\t\t<\/div>\n\t\t\t\t<\/div>\n\t\t\t\t<div class=\"elementor-element elementor-element-6e485d43 elementor-widget elementor-widget-text-editor\" data-id=\"6e485d43\" data-element_type=\"widget\" data-widget_type=\"text-editor.default\">\n\t\t\t\t<div class=\"elementor-widget-container\">\n\t\t\t\t\t\t\t\t\tNuestros sanitarios son el punto focal de cualquier ba\u00f1o. Con una variedad de modelos y dise\u00f1os modernos y cl\u00e1sicos, puede encontrar la opci\u00f3n perfecta que se ajuste a su estilo y preferencias. Nuestra prioridad es ofrecer productos de agua que combinen calidad, confort y est\u00e9tica, proporcionando una experiencia \u00fanica y relajante para todos los miembros de la familia.\t\t\t\t\t\t\t\t<\/div>\n\t\t\t\t<\/div>\n\t\t\t\t\t<\/div>\n\t\t<\/div>\n\t\t\t\t\t<\/div>\n\t\t<\/section>\n\t\t\t\t<section class=\"elementor-section elementor-top-section elementor-element elementor-element-231266d3 elementor-section-boxed elementor-section-height-default elementor-section-height-default\" data-id=\"231266d3\" data-element_type=\"section\">\n\t\t\t\t\t\t<div class=\"elementor-container elementor-column-gap-extended\">\n\t\t\t\t\t<div class=\"elementor-column elementor-col-50 elementor-top-column elementor-element elementor-element-1dd1daf5\" data-id=\"1dd1daf5\" data-element_type=\"column\">\n\t\t\t<div class=\"elementor-widget-wrap elementor-element-populated\">\n\t\t\t\t\t\t<div class=\"elementor-element elementor-element-fa9f907 elementor-widget elementor-widget-text-editor\" data-id=\"fa9f907\" data-element_type=\"widget\" data-widget_type=\"text-editor.default\">\n\t\t\t\t<div class=\"elementor-widget-container\">\n\t\t\t\t\t\t\t\t\tNuestros platos de ducha son la perfecta fusi\u00f3n de funcionalidad y est\u00e9tica. Con una amplia gama de dimensiones y materiales de calidad, puede elegir el plato de ducha que mejor se adapte al espacio disponible y cumpla con sus necesidades. Nuestros platos de ducha ofrecen durabilidad, resistencia a la humedad y f\u00e1cil mantenimiento, aportando un toque moderno y sofisticado en su ba\u00f1o.\n\nLas grifer\u00edas de ba\u00f1o y cocina son esenciales para el uso diario y el dise\u00f1o de sus espacios. Trabajamos con las mejores marcas para ofrecerle una ancha selecci\u00f3n de grifer\u00edas de gran calidad y dise\u00f1o. Desde las opciones m\u00e1s cl\u00e1sicas hasta las m\u00e1s contempor\u00e1neas, nuestras grifer\u00edas combinan eficiencia y est\u00e9tica para dar vida a sus ba\u00f1os y cocinas.\n\nEn nuestra tienda, la satisfacci\u00f3n del cliente es nuestra principal prioridad. Nuestro equipo de expertos en productos de agua est\u00e1 preparado para ofrecerle asesoramiento y ayuda para elegir los mejores sanitarios, platos de ducha y grifer\u00edas que se ajusten a sus necesidades y presupuesto.\t\t\t\t\t\t\t\t<\/div>\n\t\t\t\t<\/div>\n\t\t\t\t\t<\/div>\n\t\t<\/div>\n\t\t\t\t<div class=\"elementor-column elementor-col-50 elementor-top-column elementor-element elementor-element-52b03aa9\" data-id=\"52b03aa9\" data-element_type=\"column\">\n\t\t\t<div class=\"elementor-widget-wrap elementor-element-populated\">\n\t\t\t\t\t\t<div class=\"elementor-element elementor-element-e657b74 gallery-spacing-custom elementor-widget elementor-widget-image-gallery\" data-id=\"e657b74\" data-element_type=\"widget\" data-widget_type=\"image-gallery.default\">\n\t\t\t\t<div class=\"elementor-widget-container\">\n\t\t\t\t\t\t\t<div class=\"elementor-image-gallery\">\n\t\t\t<div id='gallery-1' class='gallery galleryid-3554 gallery-columns-1 gallery-size-full'><figure class='gallery-item'>\n\t\t\t<div class='gallery-icon landscape'>\n\t\t\t\t<a data-elementor-open-lightbox=\"yes\" data-elementor-lightbox-slideshow=\"e657b74\" data-elementor-lightbox-title=\"producte-sanitaris01\" data-e-action-hash=\"#elementor-action%3Aaction%3Dlightbox%26settings%3DeyJpZCI6MzUxNCwidXJsIjoiaHR0cHM6XC9cL3d3dy5jZXJhbWlxdWVzYWxiZXJ0LmNvbVwvd3AtY29udGVudFwvdXBsb2Fkc1wvMjAyM1wvMDdcL3Byb2R1Y3RlLXNhbml0YXJpczAxLmpwZyIsInNsaWRlc2hvdyI6ImU2NTdiNzQifQ%3D%3D\" href='https:\/\/www.ceramiquesalbert.com\/wp-content\/uploads\/2023\/07\/producte-sanitaris01.jpg'><img fetchpriority=\"high\" decoding=\"async\" width=\"850\" height=\"550\" src=\"https:\/\/www.ceramiquesalbert.com\/wp-content\/uploads\/2023\/07\/producte-sanitaris01.jpg\" class=\"attachment-full size-full\" alt=\"\" srcset=\"https:\/\/www.ceramiquesalbert.com\/wp-content\/uploads\/2023\/07\/producte-sanitaris01.jpg 850w, https:\/\/www.ceramiquesalbert.com\/wp-content\/uploads\/2023\/07\/producte-sanitaris01-300x194.jpg 300w, https:\/\/www.ceramiquesalbert.com\/wp-content\/uploads\/2023\/07\/producte-sanitaris01-768x497.jpg 768w, https:\/\/www.ceramiquesalbert.com\/wp-content\/uploads\/2023\/07\/producte-sanitaris01-380x245.jpg 380w\" sizes=\"(max-width: 850px) 100vw, 850px\" \/><\/a>\n\t\t\t<\/div><\/figure><figure class='gallery-item'>\n\t\t\t<div class='gallery-icon landscape'>\n\t\t\t\t<a data-elementor-open-lightbox=\"yes\" data-elementor-lightbox-slideshow=\"e657b74\" data-elementor-lightbox-title=\"producte-sanitaris02\" data-e-action-hash=\"#elementor-action%3Aaction%3Dlightbox%26settings%3DeyJpZCI6MzUxNSwidXJsIjoiaHR0cHM6XC9cL3d3dy5jZXJhbWlxdWVzYWxiZXJ0LmNvbVwvd3AtY29udGVudFwvdXBsb2Fkc1wvMjAyM1wvMDdcL3Byb2R1Y3RlLXNhbml0YXJpczAyLmpwZyIsInNsaWRlc2hvdyI6ImU2NTdiNzQifQ%3D%3D\" href='https:\/\/www.ceramiquesalbert.com\/wp-content\/uploads\/2023\/07\/producte-sanitaris02.jpg'><img decoding=\"async\" width=\"850\" height=\"550\" src=\"https:\/\/www.ceramiquesalbert.com\/wp-content\/uploads\/2023\/07\/producte-sanitaris02.jpg\" class=\"attachment-full size-full\" alt=\"\" srcset=\"https:\/\/www.ceramiquesalbert.com\/wp-content\/uploads\/2023\/07\/producte-sanitaris02.jpg 850w, https:\/\/www.ceramiquesalbert.com\/wp-content\/uploads\/2023\/07\/producte-sanitaris02-300x194.jpg 300w, https:\/\/www.ceramiquesalbert.com\/wp-content\/uploads\/2023\/07\/producte-sanitaris02-768x497.jpg 768w, https:\/\/www.ceramiquesalbert.com\/wp-content\/uploads\/2023\/07\/producte-sanitaris02-380x245.jpg 380w\" sizes=\"(max-width: 850px) 100vw, 850px\" \/><\/a>\n\t\t\t<\/div><\/figure>\n\t\t<\/div>\n\t\t<\/div>\n\t\t\t\t\t\t<\/div>\n\t\t\t\t<\/div>\n\t\t\t\t\t<\/div>\n\t\t<\/div>\n\t\t\t\t\t<\/div>\n\t\t<\/section>\n\t\t\t\t<\/div>\n\t\t","protected":false},"excerpt":{"rendered":"<p>Sanitarios, platos de ducha y grifer\u00edas de ba\u00f1o y cocina.<\/p>\n","protected":false},"author":1,"featured_media":3495,"parent":3550,"menu_order":0,"comment_status":"closed","ping_status":"closed","template":"","meta":{"_acf_changed":false,"_monsterinsights_skip_tracking":false,"_monsterinsights_sitenote_active":false,"_monsterinsights_sitenote_note":"","_monsterinsights_sitenote_category":0,"footnotes":""},"class_list":["post-3554","page","type-page","status-publish","has-post-thumbnail","hentry"],"acf":[],"aioseo_notices":[],"_links":{"self":[{"href":"https:\/\/www.ceramiquesalbert.com\/es\/wp-json\/wp\/v2\/pages\/3554","targetHints":{"allow":["GET"]}}],"collection":[{"href":"https:\/\/www.ceramiquesalbert.com\/es\/wp-json\/wp\/v2\/pages"}],"about":[{"href":"https:\/\/www.ceramiquesalbert.com\/es\/wp-json\/wp\/v2\/types\/page"}],"author":[{"embeddable":true,"href":"https:\/\/www.ceramiquesalbert.com\/es\/wp-json\/wp\/v2\/users\/1"}],"replies":[{"embeddable":true,"href":"https:\/\/www.ceramiquesalbert.com\/es\/wp-json\/wp\/v2\/comments?post=3554"}],"version-history":[{"count":5,"href":"https:\/\/www.ceramiquesalbert.com\/es\/wp-json\/wp\/v2\/pages\/3554\/revisions"}],"predecessor-version":[{"id":3748,"href":"https:\/\/www.ceramiquesalbert.com\/es\/wp-json\/wp\/v2\/pages\/3554\/revisions\/3748"}],"up":[{"embeddable":true,"href":"https:\/\/www.ceramiquesalbert.com\/es\/wp-json\/wp\/v2\/pages\/3550"}],"wp:featuredmedia":[{"embeddable":true,"href":"https:\/\/www.ceramiquesalbert.com\/es\/wp-json\/wp\/v2\/media\/3495"}],"wp:attachment":[{"href":"https:\/\/www.ceramiquesalbert.com\/es\/wp-json\/wp\/v2\/media?parent=3554"}],"curies":[{"name":"wp","href":"https:\/\/api.w.org\/{rel}","templated":true}]}}