{"id":3553,"date":"2020-02-13T14:58:04","date_gmt":"2020-02-13T14:58:04","guid":{"rendered":"https:\/\/www.ceramiquesalbert.com\/productes\/revestiments\/"},"modified":"2023-09-06T10:17:11","modified_gmt":"2023-09-06T10:17:11","slug":"revestiments","status":"publish","type":"page","link":"https:\/\/www.ceramiquesalbert.com\/es\/productes\/revestiments\/","title":{"rendered":"Revestimientos"},"content":{"rendered":"\t\t<div data-elementor-type=\"wp-page\" data-elementor-id=\"3553\" class=\"elementor elementor-3553 elementor-965\">\n\t\t\t\t\t\t<section class=\"elementor-section elementor-top-section elementor-element elementor-element-031593b elementor-section-boxed elementor-section-height-default elementor-section-height-default\" data-id=\"031593b\" data-element_type=\"section\">\n\t\t\t\t\t\t<div class=\"elementor-container elementor-column-gap-default\">\n\t\t\t\t\t<div class=\"elementor-column elementor-col-100 elementor-top-column elementor-element elementor-element-58abfe0\" data-id=\"58abfe0\" data-element_type=\"column\">\n\t\t\t<div class=\"elementor-widget-wrap elementor-element-populated\">\n\t\t\t\t\t\t<div class=\"elementor-element elementor-element-ec4c61d elementor-widget elementor-widget-text-editor\" data-id=\"ec4c61d\" data-element_type=\"widget\" data-widget_type=\"text-editor.default\">\n\t\t\t\t<div class=\"elementor-widget-container\">\n\t\t\t\t\t\t\t\t\tEn Cer\u00e0miques Albert, estamos comprometidos a ofrecerle la m\u00e1s amplia e innovadora gama de cer\u00e1mica y porcelana para satisfacer sus necesidades de dise\u00f1o y construcci\u00f3n. Somos una empresa apasionada por la belleza y funcionalidad de los materiales cer\u00e1micos, y nuestra misi\u00f3n es convertir cada espacio en una experiencia \u00fanica e inspiradora.\t\t\t\t\t\t\t\t<\/div>\n\t\t\t\t<\/div>\n\t\t\t\t\t<\/div>\n\t\t<\/div>\n\t\t\t\t\t<\/div>\n\t\t<\/section>\n\t\t\t\t<section class=\"elementor-section elementor-top-section elementor-element elementor-element-f8ea031 elementor-section-boxed elementor-section-height-default elementor-section-height-default\" data-id=\"f8ea031\" data-element_type=\"section\">\n\t\t\t\t\t\t<div class=\"elementor-container elementor-column-gap-extended\">\n\t\t\t\t\t<div class=\"elementor-column elementor-col-50 elementor-top-column elementor-element elementor-element-1443f5d\" data-id=\"1443f5d\" data-element_type=\"column\">\n\t\t\t<div class=\"elementor-widget-wrap elementor-element-populated\">\n\t\t\t\t\t\t<div class=\"elementor-element elementor-element-8c2e312 elementor-widget elementor-widget-heading\" data-id=\"8c2e312\" data-element_type=\"widget\" data-widget_type=\"heading.default\">\n\t\t\t\t<div class=\"elementor-widget-container\">\n\t\t\t\t\t<h2 class=\"elementor-heading-title elementor-size-default\">Revestimientos y pavimentos cer\u00e1micos; porcel\u00e1nicos<\/h2>\t\t\t\t<\/div>\n\t\t\t\t<\/div>\n\t\t\t\t<div class=\"elementor-element elementor-element-320ed5b elementor-widget elementor-widget-text-editor\" data-id=\"320ed5b\" data-element_type=\"widget\" data-widget_type=\"text-editor.default\">\n\t\t\t\t<div class=\"elementor-widget-container\">\n\t\t\t\t\t\t\t\t\tNuestros pavimentos cer\u00e1micos y porcel\u00e1nicos son sin\u00f3nimo de calidad y elegancia. Con una variedad de colores, texturas y acabados, ofrecemos soluciones para todo tipo de espacios, desde proyectos residenciales a grandes obras comerciales. Cada pieza es meticulosamente seleccionada para reflejar el m\u00e1s alto est\u00e1ndar de artesan\u00eda y durabilidad.\t\t\t\t\t\t\t\t<\/div>\n\t\t\t\t<\/div>\n\t\t\t\t<div class=\"elementor-element elementor-element-e7f3038 elementor-widget elementor-widget-text-editor\" data-id=\"e7f3038\" data-element_type=\"widget\" data-widget_type=\"text-editor.default\">\n\t\t\t\t<div class=\"elementor-widget-container\">\n\t\t\t\t\t\t\t\t\tEn Cer\u00e1micas Albert, la calidad es nuestro lema. Trabajamos con los mejores fabricantes y proveedores para garantizar que cada prenda de cer\u00e1mica y porcelana cumpla con los est\u00e1ndares m\u00e1s altos en t\u00e9rminos de resistencia y durabilidad. Su satisfacci\u00f3n es nuestra prioridad, y nos enorgullece que nuestra cer\u00e1mica y porcelana enriquezcan sus espacios durante muchos a\u00f1os.\n\nM\u00e1s all\u00e1 de la calidad de nuestros productos, tambi\u00e9n ponemos un gran \u00e9nfasis en ofrecerle un servicio al cliente excepcional. Nuestro equipo de expertos est\u00e1 preparado para guiarle en el proceso de selecci\u00f3n y proporcionarle asesoramiento personalizado en funci\u00f3n de sus necesidades y deseos.\t\t\t\t\t\t\t\t<\/div>\n\t\t\t\t<\/div>\n\t\t\t\t\t<\/div>\n\t\t<\/div>\n\t\t\t\t<div class=\"elementor-column elementor-col-50 elementor-top-column elementor-element elementor-element-46ff872\" data-id=\"46ff872\" data-element_type=\"column\">\n\t\t\t<div class=\"elementor-widget-wrap elementor-element-populated\">\n\t\t\t\t\t\t<div class=\"elementor-element elementor-element-8fb494d gallery-spacing-custom elementor-widget elementor-widget-image-gallery\" data-id=\"8fb494d\" data-element_type=\"widget\" data-widget_type=\"image-gallery.default\">\n\t\t\t\t<div class=\"elementor-widget-container\">\n\t\t\t\t\t\t\t<div class=\"elementor-image-gallery\">\n\t\t\t<div id='gallery-1' class='gallery galleryid-3553 gallery-columns-1 gallery-size-full'><figure class='gallery-item'>\n\t\t\t<div class='gallery-icon landscape'>\n\t\t\t\t<a data-elementor-open-lightbox=\"yes\" data-elementor-lightbox-slideshow=\"8fb494d\" data-elementor-lightbox-title=\"producte-revestiments01\" data-e-action-hash=\"#elementor-action%3Aaction%3Dlightbox%26settings%3DeyJpZCI6MzUxMCwidXJsIjoiaHR0cHM6XC9cL3d3dy5jZXJhbWlxdWVzYWxiZXJ0LmNvbVwvd3AtY29udGVudFwvdXBsb2Fkc1wvMjAyM1wvMDdcL3Byb2R1Y3RlLXJldmVzdGltZW50czAxLmpwZyIsInNsaWRlc2hvdyI6IjhmYjQ5NGQifQ%3D%3D\" href='https:\/\/www.ceramiquesalbert.com\/wp-content\/uploads\/2023\/07\/producte-revestiments01.jpg'><img fetchpriority=\"high\" decoding=\"async\" width=\"850\" height=\"550\" src=\"https:\/\/www.ceramiquesalbert.com\/wp-content\/uploads\/2023\/07\/producte-revestiments01.jpg\" class=\"attachment-full size-full\" alt=\"\" srcset=\"https:\/\/www.ceramiquesalbert.com\/wp-content\/uploads\/2023\/07\/producte-revestiments01.jpg 850w, https:\/\/www.ceramiquesalbert.com\/wp-content\/uploads\/2023\/07\/producte-revestiments01-300x194.jpg 300w, https:\/\/www.ceramiquesalbert.com\/wp-content\/uploads\/2023\/07\/producte-revestiments01-768x497.jpg 768w, https:\/\/www.ceramiquesalbert.com\/wp-content\/uploads\/2023\/07\/producte-revestiments01-380x245.jpg 380w\" sizes=\"(max-width: 850px) 100vw, 850px\" \/><\/a>\n\t\t\t<\/div><\/figure><figure class='gallery-item'>\n\t\t\t<div class='gallery-icon landscape'>\n\t\t\t\t<a data-elementor-open-lightbox=\"yes\" data-elementor-lightbox-slideshow=\"8fb494d\" data-elementor-lightbox-title=\"producte-revestiments02\" data-e-action-hash=\"#elementor-action%3Aaction%3Dlightbox%26settings%3DeyJpZCI6MzUxMywidXJsIjoiaHR0cHM6XC9cL3d3dy5jZXJhbWlxdWVzYWxiZXJ0LmNvbVwvd3AtY29udGVudFwvdXBsb2Fkc1wvMjAyM1wvMDdcL3Byb2R1Y3RlLXJldmVzdGltZW50czAyLmpwZyIsInNsaWRlc2hvdyI6IjhmYjQ5NGQifQ%3D%3D\" href='https:\/\/www.ceramiquesalbert.com\/wp-content\/uploads\/2023\/07\/producte-revestiments02.jpg'><img decoding=\"async\" width=\"850\" height=\"550\" src=\"https:\/\/www.ceramiquesalbert.com\/wp-content\/uploads\/2023\/07\/producte-revestiments02.jpg\" class=\"attachment-full size-full\" alt=\"\" srcset=\"https:\/\/www.ceramiquesalbert.com\/wp-content\/uploads\/2023\/07\/producte-revestiments02.jpg 850w, https:\/\/www.ceramiquesalbert.com\/wp-content\/uploads\/2023\/07\/producte-revestiments02-300x194.jpg 300w, https:\/\/www.ceramiquesalbert.com\/wp-content\/uploads\/2023\/07\/producte-revestiments02-768x497.jpg 768w, https:\/\/www.ceramiquesalbert.com\/wp-content\/uploads\/2023\/07\/producte-revestiments02-380x245.jpg 380w\" sizes=\"(max-width: 850px) 100vw, 850px\" \/><\/a>\n\t\t\t<\/div><\/figure>\n\t\t<\/div>\n\t\t<\/div>\n\t\t\t\t\t\t<\/div>\n\t\t\t\t<\/div>\n\t\t\t\t\t<\/div>\n\t\t<\/div>\n\t\t\t\t\t<\/div>\n\t\t<\/section>\n\t\t\t\t<\/div>\n\t\t","protected":false},"excerpt":{"rendered":"<p>Revestimientos y pavimentos cer\u00e1micos; porcel\u00e1nicos.<\/p>\n","protected":false},"author":1,"featured_media":3498,"parent":3550,"menu_order":0,"comment_status":"closed","ping_status":"closed","template":"","meta":{"_acf_changed":false,"_monsterinsights_skip_tracking":false,"_monsterinsights_sitenote_active":false,"_monsterinsights_sitenote_note":"","_monsterinsights_sitenote_category":0,"footnotes":""},"class_list":["post-3553","page","type-page","status-publish","has-post-thumbnail","hentry"],"acf":[],"aioseo_notices":[],"_links":{"self":[{"href":"https:\/\/www.ceramiquesalbert.com\/es\/wp-json\/wp\/v2\/pages\/3553","targetHints":{"allow":["GET"]}}],"collection":[{"href":"https:\/\/www.ceramiquesalbert.com\/es\/wp-json\/wp\/v2\/pages"}],"about":[{"href":"https:\/\/www.ceramiquesalbert.com\/es\/wp-json\/wp\/v2\/types\/page"}],"author":[{"embeddable":true,"href":"https:\/\/www.ceramiquesalbert.com\/es\/wp-json\/wp\/v2\/users\/1"}],"replies":[{"embeddable":true,"href":"https:\/\/www.ceramiquesalbert.com\/es\/wp-json\/wp\/v2\/comments?post=3553"}],"version-history":[{"count":8,"href":"https:\/\/www.ceramiquesalbert.com\/es\/wp-json\/wp\/v2\/pages\/3553\/revisions"}],"predecessor-version":[{"id":3749,"href":"https:\/\/www.ceramiquesalbert.com\/es\/wp-json\/wp\/v2\/pages\/3553\/revisions\/3749"}],"up":[{"embeddable":true,"href":"https:\/\/www.ceramiquesalbert.com\/es\/wp-json\/wp\/v2\/pages\/3550"}],"wp:featuredmedia":[{"embeddable":true,"href":"https:\/\/www.ceramiquesalbert.com\/es\/wp-json\/wp\/v2\/media\/3498"}],"wp:attachment":[{"href":"https:\/\/www.ceramiquesalbert.com\/es\/wp-json\/wp\/v2\/media?parent=3553"}],"curies":[{"name":"wp","href":"https:\/\/api.w.org\/{rel}","templated":true}]}}