{"id":3552,"date":"2020-02-13T15:00:55","date_gmt":"2020-02-13T15:00:55","guid":{"rendered":"https:\/\/www.ceramiquesalbert.com\/productes\/parquets\/"},"modified":"2023-09-06T10:14:08","modified_gmt":"2023-09-06T10:14:08","slug":"parquets","status":"publish","type":"page","link":"https:\/\/www.ceramiquesalbert.com\/es\/productes\/parquets\/","title":{"rendered":"Parquets"},"content":{"rendered":"\t\t<div data-elementor-type=\"wp-page\" data-elementor-id=\"3552\" class=\"elementor elementor-3552 elementor-971\">\n\t\t\t\t\t\t<section class=\"elementor-section elementor-top-section elementor-element elementor-element-25ee36a7 elementor-section-boxed elementor-section-height-default elementor-section-height-default\" data-id=\"25ee36a7\" data-element_type=\"section\">\n\t\t\t\t\t\t<div class=\"elementor-container elementor-column-gap-default\">\n\t\t\t\t\t<div class=\"elementor-column elementor-col-100 elementor-top-column elementor-element elementor-element-3d10a6dd\" data-id=\"3d10a6dd\" data-element_type=\"column\">\n\t\t\t<div class=\"elementor-widget-wrap elementor-element-populated\">\n\t\t\t\t\t\t<div class=\"elementor-element elementor-element-277fa090 elementor-widget elementor-widget-text-editor\" data-id=\"277fa090\" data-element_type=\"widget\" data-widget_type=\"text-editor.default\">\n\t\t\t\t<div class=\"elementor-widget-container\">\n\t\t\t\t\t\t\t\t\tEn Cer\u00e0miques Albert, nos apasiona ofrecerle una amplia selecci\u00f3n de parquets de primera calidad que se adapten a sus necesidades y preferencias. Desde los vers\u00e1tiles parquets flotantes a los duraderos parquets sint\u00e9nticos, pasando por los elegantes y cl\u00e1sicos parquets encolados y macizos, tenemos las mejores opciones para cada espacio de su hogar.\t\t\t\t\t\t\t\t<\/div>\n\t\t\t\t<\/div>\n\t\t\t\t\t<\/div>\n\t\t<\/div>\n\t\t\t\t\t<\/div>\n\t\t<\/section>\n\t\t\t\t<section class=\"elementor-section elementor-top-section elementor-element elementor-element-6a1bcbb elementor-section-boxed elementor-section-height-default elementor-section-height-default\" data-id=\"6a1bcbb\" data-element_type=\"section\">\n\t\t\t\t\t\t<div class=\"elementor-container elementor-column-gap-default\">\n\t\t\t\t\t<div class=\"elementor-column elementor-col-100 elementor-top-column elementor-element elementor-element-8ad56b7\" data-id=\"8ad56b7\" data-element_type=\"column\">\n\t\t\t<div class=\"elementor-widget-wrap elementor-element-populated\">\n\t\t\t\t\t\t<div class=\"elementor-element elementor-element-db804d2 elementor-widget elementor-widget-heading\" data-id=\"db804d2\" data-element_type=\"widget\" data-widget_type=\"heading.default\">\n\t\t\t\t<div class=\"elementor-widget-container\">\n\t\t\t\t\t<h2 class=\"elementor-heading-title elementor-size-default\">Parquets flotantes, sint\u00e9nticos, encolados y macizos<\/h2>\t\t\t\t<\/div>\n\t\t\t\t<\/div>\n\t\t\t\t<div class=\"elementor-element elementor-element-3e7e11a3 elementor-widget elementor-widget-text-editor\" data-id=\"3e7e11a3\" data-element_type=\"widget\" data-widget_type=\"text-editor.default\">\n\t\t\t\t<div class=\"elementor-widget-container\">\n\t\t\t\t\t\t\t\t\tLos parqu\u00e9s flotantes son una opci\u00f3n popular y vers\u00e1til, f\u00e1cil de colocar y mantener. Con un amplio abanico de colores y acabados, estos parqu\u00e9s ofrecen una apariencia natural y atractiva, adapt\u00e1ndose a diferentes estilos de decoraci\u00f3n. Su instalaci\u00f3n flotante permite una r\u00e1pida y sencilla puesta en marcha, proporcionando una soluci\u00f3n pr\u00e1ctica y moderna.\t\t\t\t\t\t\t\t<\/div>\n\t\t\t\t<\/div>\n\t\t\t\t\t<\/div>\n\t\t<\/div>\n\t\t\t\t\t<\/div>\n\t\t<\/section>\n\t\t\t\t<section class=\"elementor-section elementor-top-section elementor-element elementor-element-323fcc4e elementor-section-boxed elementor-section-height-default elementor-section-height-default\" data-id=\"323fcc4e\" data-element_type=\"section\">\n\t\t\t\t\t\t<div class=\"elementor-container elementor-column-gap-extended\">\n\t\t\t\t\t<div class=\"elementor-column elementor-col-50 elementor-top-column elementor-element elementor-element-21b876a1\" data-id=\"21b876a1\" data-element_type=\"column\">\n\t\t\t<div class=\"elementor-widget-wrap elementor-element-populated\">\n\t\t\t\t\t\t<div class=\"elementor-element elementor-element-fbff029 elementor-widget elementor-widget-text-editor\" data-id=\"fbff029\" data-element_type=\"widget\" data-widget_type=\"text-editor.default\">\n\t\t\t\t<div class=\"elementor-widget-container\">\n\t\t\t\t\t\t\t\t\tLos parqu\u00e9s sint\u00e9nticos son perfectos para aquellos que buscan una alternativa m\u00e1s econ\u00f3mica y resistentes al agua. Estos parqu\u00e9s imitan a la perfecci\u00f3n el aspecto de la madera natural, a la vez que ofrecen una mayor resistencia a la humedad y son f\u00e1ciles de limpiar. Son ideales para zonas con altas exigencias y tr\u00e1fico, como cocinas y ba\u00f1os.\n\nLos parqu\u00e9s encolados y macizos representan la elegancia y la tradici\u00f3n de la madera aut\u00e9ntica. Fabricados con materiales nobles, estos parqu\u00e9s ofrecen una sensaci\u00f3n c\u00e1lida y acogedora, y cada mesa es \u00fanica con sus propias texturas y tonos naturales. Su instalaci\u00f3n fija aporta una durabilidad y estabilidad excepcionales, dando a su hogar un aspecto intemporal y sofisticado.\n\nEn nuestra empresa, la calidad es nuestro sello. Trabajamos con los mejores proveedores y utilizamos los materiales m\u00e1s resistentes para asegurarnos de que cada pieza de parqu\u00e9 cumpla con los m\u00e1s altos est\u00e1ndares de excelencia. Su satisfacci\u00f3n es nuestra m\u00e1xima prioridad, y nos enorgullecemos de superar sus expectativas con cada producto que ofrecemos.\t\t\t\t\t\t\t\t<\/div>\n\t\t\t\t<\/div>\n\t\t\t\t\t<\/div>\n\t\t<\/div>\n\t\t\t\t<div class=\"elementor-column elementor-col-50 elementor-top-column elementor-element elementor-element-56adcefb\" data-id=\"56adcefb\" data-element_type=\"column\">\n\t\t\t<div class=\"elementor-widget-wrap elementor-element-populated\">\n\t\t\t\t\t\t<div class=\"elementor-element elementor-element-b090422 gallery-spacing-custom elementor-widget elementor-widget-image-gallery\" data-id=\"b090422\" data-element_type=\"widget\" data-widget_type=\"image-gallery.default\">\n\t\t\t\t<div class=\"elementor-widget-container\">\n\t\t\t\t\t\t\t<div class=\"elementor-image-gallery\">\n\t\t\t<div id='gallery-1' class='gallery galleryid-3552 gallery-columns-1 gallery-size-full'><figure class='gallery-item'>\n\t\t\t<div class='gallery-icon landscape'>\n\t\t\t\t<a data-elementor-open-lightbox=\"yes\" data-elementor-lightbox-slideshow=\"b090422\" data-elementor-lightbox-title=\"producte-parquet01\" data-e-action-hash=\"#elementor-action%3Aaction%3Dlightbox%26settings%3DeyJpZCI6MzUxOCwidXJsIjoiaHR0cHM6XC9cL3d3dy5jZXJhbWlxdWVzYWxiZXJ0LmNvbVwvd3AtY29udGVudFwvdXBsb2Fkc1wvMjAyM1wvMDdcL3Byb2R1Y3RlLXBhcnF1ZXQwMS5qcGciLCJzbGlkZXNob3ciOiJiMDkwNDIyIn0%3D\" href='https:\/\/www.ceramiquesalbert.com\/wp-content\/uploads\/2023\/07\/producte-parquet01.jpg'><img fetchpriority=\"high\" decoding=\"async\" width=\"850\" height=\"550\" src=\"https:\/\/www.ceramiquesalbert.com\/wp-content\/uploads\/2023\/07\/producte-parquet01.jpg\" class=\"attachment-full size-full\" alt=\"\" srcset=\"https:\/\/www.ceramiquesalbert.com\/wp-content\/uploads\/2023\/07\/producte-parquet01.jpg 850w, https:\/\/www.ceramiquesalbert.com\/wp-content\/uploads\/2023\/07\/producte-parquet01-300x194.jpg 300w, https:\/\/www.ceramiquesalbert.com\/wp-content\/uploads\/2023\/07\/producte-parquet01-768x497.jpg 768w, https:\/\/www.ceramiquesalbert.com\/wp-content\/uploads\/2023\/07\/producte-parquet01-380x245.jpg 380w\" sizes=\"(max-width: 850px) 100vw, 850px\" \/><\/a>\n\t\t\t<\/div><\/figure><figure class='gallery-item'>\n\t\t\t<div class='gallery-icon landscape'>\n\t\t\t\t<a data-elementor-open-lightbox=\"yes\" data-elementor-lightbox-slideshow=\"b090422\" data-elementor-lightbox-title=\"producte-parquet02\" data-e-action-hash=\"#elementor-action%3Aaction%3Dlightbox%26settings%3DeyJpZCI6MzUxOSwidXJsIjoiaHR0cHM6XC9cL3d3dy5jZXJhbWlxdWVzYWxiZXJ0LmNvbVwvd3AtY29udGVudFwvdXBsb2Fkc1wvMjAyM1wvMDdcL3Byb2R1Y3RlLXBhcnF1ZXQwMi5qcGciLCJzbGlkZXNob3ciOiJiMDkwNDIyIn0%3D\" href='https:\/\/www.ceramiquesalbert.com\/wp-content\/uploads\/2023\/07\/producte-parquet02.jpg'><img decoding=\"async\" width=\"850\" height=\"550\" src=\"https:\/\/www.ceramiquesalbert.com\/wp-content\/uploads\/2023\/07\/producte-parquet02.jpg\" class=\"attachment-full size-full\" alt=\"\" srcset=\"https:\/\/www.ceramiquesalbert.com\/wp-content\/uploads\/2023\/07\/producte-parquet02.jpg 850w, https:\/\/www.ceramiquesalbert.com\/wp-content\/uploads\/2023\/07\/producte-parquet02-300x194.jpg 300w, https:\/\/www.ceramiquesalbert.com\/wp-content\/uploads\/2023\/07\/producte-parquet02-768x497.jpg 768w, https:\/\/www.ceramiquesalbert.com\/wp-content\/uploads\/2023\/07\/producte-parquet02-380x245.jpg 380w\" sizes=\"(max-width: 850px) 100vw, 850px\" \/><\/a>\n\t\t\t<\/div><\/figure>\n\t\t<\/div>\n\t\t<\/div>\n\t\t\t\t\t\t<\/div>\n\t\t\t\t<\/div>\n\t\t\t\t\t<\/div>\n\t\t<\/div>\n\t\t\t\t\t<\/div>\n\t\t<\/section>\n\t\t\t\t<\/div>\n\t\t","protected":false},"excerpt":{"rendered":"<p>Parquets flotantes, sint\u00e9nticos, encolados y macizos.<\/p>\n","protected":false},"author":1,"featured_media":3496,"parent":3550,"menu_order":0,"comment_status":"closed","ping_status":"closed","template":"","meta":{"_acf_changed":false,"_monsterinsights_skip_tracking":false,"_monsterinsights_sitenote_active":false,"_monsterinsights_sitenote_note":"","_monsterinsights_sitenote_category":0,"footnotes":""},"class_list":["post-3552","page","type-page","status-publish","has-post-thumbnail","hentry"],"acf":[],"aioseo_notices":[],"_links":{"self":[{"href":"https:\/\/www.ceramiquesalbert.com\/es\/wp-json\/wp\/v2\/pages\/3552","targetHints":{"allow":["GET"]}}],"collection":[{"href":"https:\/\/www.ceramiquesalbert.com\/es\/wp-json\/wp\/v2\/pages"}],"about":[{"href":"https:\/\/www.ceramiquesalbert.com\/es\/wp-json\/wp\/v2\/types\/page"}],"author":[{"embeddable":true,"href":"https:\/\/www.ceramiquesalbert.com\/es\/wp-json\/wp\/v2\/users\/1"}],"replies":[{"embeddable":true,"href":"https:\/\/www.ceramiquesalbert.com\/es\/wp-json\/wp\/v2\/comments?post=3552"}],"version-history":[{"count":13,"href":"https:\/\/www.ceramiquesalbert.com\/es\/wp-json\/wp\/v2\/pages\/3552\/revisions"}],"predecessor-version":[{"id":3747,"href":"https:\/\/www.ceramiquesalbert.com\/es\/wp-json\/wp\/v2\/pages\/3552\/revisions\/3747"}],"up":[{"embeddable":true,"href":"https:\/\/www.ceramiquesalbert.com\/es\/wp-json\/wp\/v2\/pages\/3550"}],"wp:featuredmedia":[{"embeddable":true,"href":"https:\/\/www.ceramiquesalbert.com\/es\/wp-json\/wp\/v2\/media\/3496"}],"wp:attachment":[{"href":"https:\/\/www.ceramiquesalbert.com\/es\/wp-json\/wp\/v2\/media?parent=3552"}],"curies":[{"name":"wp","href":"https:\/\/api.w.org\/{rel}","templated":true}]}}