{"id":3551,"date":"2020-02-13T14:58:36","date_gmt":"2020-02-13T14:58:36","guid":{"rendered":"https:\/\/www.ceramiquesalbert.com\/productes\/mobles-de-bany\/"},"modified":"2023-09-06T10:10:32","modified_gmt":"2023-09-06T10:10:32","slug":"mobles-de-bany","status":"publish","type":"page","link":"https:\/\/www.ceramiquesalbert.com\/es\/productes\/mobles-de-bany\/","title":{"rendered":"Muebles de ba\u00f1o"},"content":{"rendered":"\t\t<div data-elementor-type=\"wp-page\" data-elementor-id=\"3551\" class=\"elementor elementor-3551 elementor-969\">\n\t\t\t\t\t\t<section class=\"elementor-section elementor-top-section elementor-element elementor-element-2132ca37 elementor-section-boxed elementor-section-height-default elementor-section-height-default\" data-id=\"2132ca37\" data-element_type=\"section\">\n\t\t\t\t\t\t<div class=\"elementor-container elementor-column-gap-default\">\n\t\t\t\t\t<div class=\"elementor-column elementor-col-100 elementor-top-column elementor-element elementor-element-7c64bb06\" data-id=\"7c64bb06\" data-element_type=\"column\">\n\t\t\t<div class=\"elementor-widget-wrap elementor-element-populated\">\n\t\t\t\t\t\t<div class=\"elementor-element elementor-element-4eb4434f elementor-widget elementor-widget-text-editor\" data-id=\"4eb4434f\" data-element_type=\"widget\" data-widget_type=\"text-editor.default\">\n\t\t\t\t<div class=\"elementor-widget-container\">\n\t\t\t\t\t\t\t\t\t<p>En Cer\u00e0miques Albert, nos enorgullecemos de ofrecerle una extensa gama de productos de ba\u00f1o dise\u00f1ados y fabricados a medida, que complementan a la perfecci\u00f3n su est\u00e9tica y requisitos funcionales. Desde las elegantes mamparas hasta los funcionales y elegantes muebles de ba\u00f1o y accesorios, cada elemento est\u00e1 concebido con el m\u00e1ximo cuidado y atenci\u00f3n a los detalles.<\/p>\t\t\t\t\t\t\t\t<\/div>\n\t\t\t\t<\/div>\n\t\t\t\t\t<\/div>\n\t\t<\/div>\n\t\t\t\t\t<\/div>\n\t\t<\/section>\n\t\t\t\t<section class=\"elementor-section elementor-top-section elementor-element elementor-element-47397439 elementor-section-boxed elementor-section-height-default elementor-section-height-default\" data-id=\"47397439\" data-element_type=\"section\">\n\t\t\t\t\t\t<div class=\"elementor-container elementor-column-gap-extended\">\n\t\t\t\t\t<div class=\"elementor-column elementor-col-50 elementor-top-column elementor-element elementor-element-255b7971\" data-id=\"255b7971\" data-element_type=\"column\">\n\t\t\t<div class=\"elementor-widget-wrap elementor-element-populated\">\n\t\t\t\t\t\t<div class=\"elementor-element elementor-element-95691e9 elementor-widget elementor-widget-heading\" data-id=\"95691e9\" data-element_type=\"widget\" data-widget_type=\"heading.default\">\n\t\t\t\t<div class=\"elementor-widget-container\">\n\t\t\t\t\t<h2 class=\"elementor-heading-title elementor-size-default\">Mamparas, muebles de ba\u00f1o y accesorios de ba\u00f1o<\/h2>\t\t\t\t<\/div>\n\t\t\t\t<\/div>\n\t\t\t\t<div class=\"elementor-element elementor-element-2d658e36 elementor-widget elementor-widget-text-editor\" data-id=\"2d658e36\" data-element_type=\"widget\" data-widget_type=\"text-editor.default\">\n\t\t\t\t<div class=\"elementor-widget-container\">\n\t\t\t\t\t\t\t\t\tNuestras mamparas son el complemento perfecto para sus espacios de ba\u00f1o, ofreciendo dise\u00f1os modernos y sofisticados que se adapten a cualquier estilo de decoraci\u00f3n. Ya sea una mampara para la ducha o para la ba\u00f1era, cada prenda es personalizada para encajar perfectamente con sus dimensiones y preferencias, ofreciendo un sello de elegancia y practicidad.\n\nNuestros muebles de ba\u00f1o son creadas con una combinaci\u00f3n de funcionalidad y estilo, ofreciendo soluciones de almacenaje que se ajusten a sus necesidades diarias. Cada mueble es dise\u00f1ado y construido a medida, teniendo en cuenta los detalles que hacen de su experiencia de ba\u00f1o un momento especial. Con una amplia gama de materiales y acabados, nuestros muebles cumplen con los m\u00e1s altos est\u00e1ndares de calidad.\n\nCon m\u00e1s de 30 a\u00f1os de experiencia en el sector, nuestra empresa es sin\u00f3nimo de confianza y calidad. Nos enorgullece brindarle un servicio completo, que incluye el dise\u00f1o, la fabricaci\u00f3n y la instalaci\u00f3n de nuestros productos a medida. Nuestro equipo de expertos trabaja con dedicaci\u00f3n y pasi\u00f3n para asegurarse de que cada elemento se ajuste perfectamente a su espacio y supere sus expectativas.\t\t\t\t\t\t\t\t<\/div>\n\t\t\t\t<\/div>\n\t\t\t\t\t<\/div>\n\t\t<\/div>\n\t\t\t\t<div class=\"elementor-column elementor-col-50 elementor-top-column elementor-element elementor-element-20133cd2\" data-id=\"20133cd2\" data-element_type=\"column\">\n\t\t\t<div class=\"elementor-widget-wrap elementor-element-populated\">\n\t\t\t\t\t\t<div class=\"elementor-element elementor-element-694a43a gallery-spacing-custom elementor-widget elementor-widget-image-gallery\" data-id=\"694a43a\" data-element_type=\"widget\" data-widget_type=\"image-gallery.default\">\n\t\t\t\t<div class=\"elementor-widget-container\">\n\t\t\t\t\t\t\t<div class=\"elementor-image-gallery\">\n\t\t\t<div id='gallery-1' class='gallery galleryid-3551 gallery-columns-1 gallery-size-full'><figure class='gallery-item'>\n\t\t\t<div class='gallery-icon landscape'>\n\t\t\t\t<a data-elementor-open-lightbox=\"yes\" data-elementor-lightbox-slideshow=\"694a43a\" data-elementor-lightbox-title=\"producte-moble01\" data-e-action-hash=\"#elementor-action%3Aaction%3Dlightbox%26settings%3DeyJpZCI6MzUxNiwidXJsIjoiaHR0cHM6XC9cL3d3dy5jZXJhbWlxdWVzYWxiZXJ0LmNvbVwvd3AtY29udGVudFwvdXBsb2Fkc1wvMjAyM1wvMDdcL3Byb2R1Y3RlLW1vYmxlMDEuanBnIiwic2xpZGVzaG93IjoiNjk0YTQzYSJ9\" href='https:\/\/www.ceramiquesalbert.com\/wp-content\/uploads\/2023\/07\/producte-moble01.jpg'><img fetchpriority=\"high\" decoding=\"async\" width=\"850\" height=\"550\" src=\"https:\/\/www.ceramiquesalbert.com\/wp-content\/uploads\/2023\/07\/producte-moble01.jpg\" class=\"attachment-full size-full\" alt=\"\" srcset=\"https:\/\/www.ceramiquesalbert.com\/wp-content\/uploads\/2023\/07\/producte-moble01.jpg 850w, https:\/\/www.ceramiquesalbert.com\/wp-content\/uploads\/2023\/07\/producte-moble01-300x194.jpg 300w, https:\/\/www.ceramiquesalbert.com\/wp-content\/uploads\/2023\/07\/producte-moble01-768x497.jpg 768w, https:\/\/www.ceramiquesalbert.com\/wp-content\/uploads\/2023\/07\/producte-moble01-380x245.jpg 380w\" sizes=\"(max-width: 850px) 100vw, 850px\" \/><\/a>\n\t\t\t<\/div><\/figure><figure class='gallery-item'>\n\t\t\t<div class='gallery-icon landscape'>\n\t\t\t\t<a data-elementor-open-lightbox=\"yes\" data-elementor-lightbox-slideshow=\"694a43a\" data-elementor-lightbox-title=\"producte-moble02\" data-e-action-hash=\"#elementor-action%3Aaction%3Dlightbox%26settings%3DeyJpZCI6MzUxNywidXJsIjoiaHR0cHM6XC9cL3d3dy5jZXJhbWlxdWVzYWxiZXJ0LmNvbVwvd3AtY29udGVudFwvdXBsb2Fkc1wvMjAyM1wvMDdcL3Byb2R1Y3RlLW1vYmxlMDIuanBnIiwic2xpZGVzaG93IjoiNjk0YTQzYSJ9\" href='https:\/\/www.ceramiquesalbert.com\/wp-content\/uploads\/2023\/07\/producte-moble02.jpg'><img decoding=\"async\" width=\"850\" height=\"550\" src=\"https:\/\/www.ceramiquesalbert.com\/wp-content\/uploads\/2023\/07\/producte-moble02.jpg\" class=\"attachment-full size-full\" alt=\"\" srcset=\"https:\/\/www.ceramiquesalbert.com\/wp-content\/uploads\/2023\/07\/producte-moble02.jpg 850w, https:\/\/www.ceramiquesalbert.com\/wp-content\/uploads\/2023\/07\/producte-moble02-300x194.jpg 300w, https:\/\/www.ceramiquesalbert.com\/wp-content\/uploads\/2023\/07\/producte-moble02-768x497.jpg 768w, https:\/\/www.ceramiquesalbert.com\/wp-content\/uploads\/2023\/07\/producte-moble02-380x245.jpg 380w\" sizes=\"(max-width: 850px) 100vw, 850px\" \/><\/a>\n\t\t\t<\/div><\/figure>\n\t\t<\/div>\n\t\t<\/div>\n\t\t\t\t\t\t<\/div>\n\t\t\t\t<\/div>\n\t\t\t\t\t<\/div>\n\t\t<\/div>\n\t\t\t\t\t<\/div>\n\t\t<\/section>\n\t\t\t\t<\/div>\n\t\t","protected":false},"excerpt":{"rendered":"<p>Mamparas, muebles de ba\u00f1o y accesorios de ba\u00f1o.<\/p>\n","protected":false},"author":1,"featured_media":3497,"parent":3550,"menu_order":0,"comment_status":"closed","ping_status":"closed","template":"","meta":{"_acf_changed":false,"_monsterinsights_skip_tracking":false,"_monsterinsights_sitenote_active":false,"_monsterinsights_sitenote_note":"","_monsterinsights_sitenote_category":0,"footnotes":""},"class_list":["post-3551","page","type-page","status-publish","has-post-thumbnail","hentry"],"acf":[],"aioseo_notices":[],"_links":{"self":[{"href":"https:\/\/www.ceramiquesalbert.com\/es\/wp-json\/wp\/v2\/pages\/3551","targetHints":{"allow":["GET"]}}],"collection":[{"href":"https:\/\/www.ceramiquesalbert.com\/es\/wp-json\/wp\/v2\/pages"}],"about":[{"href":"https:\/\/www.ceramiquesalbert.com\/es\/wp-json\/wp\/v2\/types\/page"}],"author":[{"embeddable":true,"href":"https:\/\/www.ceramiquesalbert.com\/es\/wp-json\/wp\/v2\/users\/1"}],"replies":[{"embeddable":true,"href":"https:\/\/www.ceramiquesalbert.com\/es\/wp-json\/wp\/v2\/comments?post=3551"}],"version-history":[{"count":11,"href":"https:\/\/www.ceramiquesalbert.com\/es\/wp-json\/wp\/v2\/pages\/3551\/revisions"}],"predecessor-version":[{"id":3746,"href":"https:\/\/www.ceramiquesalbert.com\/es\/wp-json\/wp\/v2\/pages\/3551\/revisions\/3746"}],"up":[{"embeddable":true,"href":"https:\/\/www.ceramiquesalbert.com\/es\/wp-json\/wp\/v2\/pages\/3550"}],"wp:featuredmedia":[{"embeddable":true,"href":"https:\/\/www.ceramiquesalbert.com\/es\/wp-json\/wp\/v2\/media\/3497"}],"wp:attachment":[{"href":"https:\/\/www.ceramiquesalbert.com\/es\/wp-json\/wp\/v2\/media?parent=3551"}],"curies":[{"name":"wp","href":"https:\/\/api.w.org\/{rel}","templated":true}]}}