{"id":3550,"date":"2023-07-31T09:22:39","date_gmt":"2023-07-31T09:22:39","guid":{"rendered":"https:\/\/www.ceramiquesalbert.com\/productes\/"},"modified":"2023-09-06T09:28:44","modified_gmt":"2023-09-06T09:28:44","slug":"productes","status":"publish","type":"page","link":"https:\/\/www.ceramiquesalbert.com\/es\/productes\/","title":{"rendered":"Productos"},"content":{"rendered":"\t\t<div data-elementor-type=\"wp-page\" data-elementor-id=\"3550\" class=\"elementor elementor-3550 elementor-2899\">\n\t\t\t\t\t\t<section class=\"elementor-section elementor-top-section elementor-element elementor-element-7f235549 elementor-section-boxed elementor-section-height-default elementor-section-height-default\" data-id=\"7f235549\" data-element_type=\"section\">\n\t\t\t\t\t\t<div class=\"elementor-container elementor-column-gap-wide\">\n\t\t\t\t\t<div class=\"elementor-column elementor-col-25 elementor-top-column elementor-element elementor-element-71f7eac9\" data-id=\"71f7eac9\" data-element_type=\"column\">\n\t\t\t<div class=\"elementor-widget-wrap elementor-element-populated\">\n\t\t\t\t\t\t<div class=\"elementor-element elementor-element-7d9fb7f4 elementor-align-center elementor-widget elementor-widget-qt-featured-page\" data-id=\"7d9fb7f4\" data-element_type=\"widget\" data-widget_type=\"qt-featured-page.default\">\n\t\t\t\t<div class=\"elementor-widget-container\">\n\t\t\t\t\t\n        \n            <div class=\"featured__page\">\n                                \n                                    <a href=\"https:\/\/www.ceramiquesalbert.com\/es\/productes\/revestiments\/\" class=\"featured__page__image\">\n                        <img fetchpriority=\"high\" decoding=\"async\" width=\"380\" height=\"245\" src=\"https:\/\/www.ceramiquesalbert.com\/wp-content\/uploads\/2023\/07\/producte-ceramica-380x245.jpg\" class=\"attachment-thermen-qt-featured-l size-thermen-qt-featured-l\" alt=\"Revestimientos\" srcset=\"\" sizes=\"(min-width: 781px) 280px, calc(100vw - 30px)\" \/>                    <\/a>\n                \n                <div class=\"featured__page__content\">\n\n                    <h5 class=\"featured__page__title\"><a href=\"https:\/\/www.ceramiquesalbert.com\/es\/productes\/revestiments\/\">Revestimientos<\/a><\/h5>\n\n                                            <p>Revestimientos y pavimentos cer\u00e1micos; porcel\u00e1nicos.<\/p>\n                    \n                <\/div>\n\n                                    <a href=\"https:\/\/www.ceramiquesalbert.com\/es\/productes\/revestiments\/\" class=\"page__more\">Leer m\u00e1s<i class=\"fas fa-long-arrow-alt-right\"><\/i><\/a>\n                                \n            <\/div>\n\n        \n    \t\t\t\t<\/div>\n\t\t\t\t<\/div>\n\t\t\t\t\t<\/div>\n\t\t<\/div>\n\t\t\t\t<div class=\"elementor-column elementor-col-25 elementor-top-column elementor-element elementor-element-1d517770\" data-id=\"1d517770\" data-element_type=\"column\">\n\t\t\t<div class=\"elementor-widget-wrap elementor-element-populated\">\n\t\t\t\t\t\t<div class=\"elementor-element elementor-element-5098bccb elementor-align-center elementor-widget elementor-widget-qt-featured-page\" data-id=\"5098bccb\" data-element_type=\"widget\" data-widget_type=\"qt-featured-page.default\">\n\t\t\t\t<div class=\"elementor-widget-container\">\n\t\t\t\t\t\n        \n            <div class=\"featured__page\">\n                                \n                                    <a href=\"https:\/\/www.ceramiquesalbert.com\/es\/productes\/sanitaris\/\" class=\"featured__page__image\">\n                        <img decoding=\"async\" width=\"380\" height=\"245\" src=\"https:\/\/www.ceramiquesalbert.com\/wp-content\/uploads\/2023\/07\/producte-griferia-380x245.jpg\" class=\"attachment-thermen-qt-featured-l size-thermen-qt-featured-l\" alt=\"Sanitarios\" srcset=\"\" sizes=\"(min-width: 781px) 280px, calc(100vw - 30px)\" \/>                    <\/a>\n                \n                <div class=\"featured__page__content\">\n\n                    <h5 class=\"featured__page__title\"><a href=\"https:\/\/www.ceramiquesalbert.com\/es\/productes\/sanitaris\/\">Sanitarios<\/a><\/h5>\n\n                                            <p>Sanitarios, platos de ducha y grifer\u00edas de ba\u00f1o y cocina.<\/p>\n                    \n                <\/div>\n\n                                    <a href=\"https:\/\/www.ceramiquesalbert.com\/es\/productes\/sanitaris\/\" class=\"page__more\">Leer m\u00e1s<i class=\"fas fa-long-arrow-alt-right\"><\/i><\/a>\n                                \n            <\/div>\n\n        \n    \t\t\t\t<\/div>\n\t\t\t\t<\/div>\n\t\t\t\t\t<\/div>\n\t\t<\/div>\n\t\t\t\t<div class=\"elementor-column elementor-col-25 elementor-top-column elementor-element elementor-element-5c495098\" data-id=\"5c495098\" data-element_type=\"column\">\n\t\t\t<div class=\"elementor-widget-wrap elementor-element-populated\">\n\t\t\t\t\t\t<div class=\"elementor-element elementor-element-15948abb elementor-align-center elementor-widget elementor-widget-qt-featured-page\" data-id=\"15948abb\" data-element_type=\"widget\" data-widget_type=\"qt-featured-page.default\">\n\t\t\t\t<div class=\"elementor-widget-container\">\n\t\t\t\t\t\n        \n            <div class=\"featured__page\">\n                                \n                                    <a href=\"https:\/\/www.ceramiquesalbert.com\/es\/productes\/mobles-de-bany\/\" class=\"featured__page__image\">\n                        <img decoding=\"async\" width=\"380\" height=\"245\" src=\"https:\/\/www.ceramiquesalbert.com\/wp-content\/uploads\/2023\/07\/producte-sanitairs-380x245.jpg\" class=\"attachment-thermen-qt-featured-l size-thermen-qt-featured-l\" alt=\"Muebles de ba\u00f1o\" srcset=\"\" sizes=\"(min-width: 781px) 280px, calc(100vw - 30px)\" \/>                    <\/a>\n                \n                <div class=\"featured__page__content\">\n\n                    <h5 class=\"featured__page__title\"><a href=\"https:\/\/www.ceramiquesalbert.com\/es\/productes\/mobles-de-bany\/\">Muebles de ba\u00f1o<\/a><\/h5>\n\n                                            <p>Mamparas, muebles de ba\u00f1o y accesorios de ba\u00f1o.<\/p>\n                    \n                <\/div>\n\n                                    <a href=\"https:\/\/www.ceramiquesalbert.com\/es\/productes\/mobles-de-bany\/\" class=\"page__more\">Leer m\u00e1s<i class=\"fas fa-long-arrow-alt-right\"><\/i><\/a>\n                                \n            <\/div>\n\n        \n    \t\t\t\t<\/div>\n\t\t\t\t<\/div>\n\t\t\t\t\t<\/div>\n\t\t<\/div>\n\t\t\t\t<div class=\"elementor-column elementor-col-25 elementor-top-column elementor-element elementor-element-ab16dae\" data-id=\"ab16dae\" data-element_type=\"column\">\n\t\t\t<div class=\"elementor-widget-wrap elementor-element-populated\">\n\t\t\t\t\t\t<div class=\"elementor-element elementor-element-28fa905 elementor-align-center elementor-widget elementor-widget-qt-featured-page\" data-id=\"28fa905\" data-element_type=\"widget\" data-widget_type=\"qt-featured-page.default\">\n\t\t\t\t<div class=\"elementor-widget-container\">\n\t\t\t\t\t\n        \n            <div class=\"featured__page\">\n                                \n                                    <a href=\"https:\/\/www.ceramiquesalbert.com\/productes\/parquets\/\" class=\"featured__page__image\">\n                        <img loading=\"lazy\" decoding=\"async\" width=\"380\" height=\"245\" src=\"https:\/\/www.ceramiquesalbert.com\/wp-content\/uploads\/2023\/07\/producte-parquet-380x245.jpg\" class=\"attachment-thermen-qt-featured-l size-thermen-qt-featured-l\" alt=\"Parquets\" srcset=\"\" sizes=\"(min-width: 781px) 280px, calc(100vw - 30px)\" \/>                    <\/a>\n                \n                <div class=\"featured__page__content\">\n\n                    <h5 class=\"featured__page__title\"><a href=\"https:\/\/www.ceramiquesalbert.com\/productes\/parquets\/\">Parquets<\/a><\/h5>\n\n                                            <p>Parquets flotants, sint\u00e8ntics, encolats i mass\u00edsos.<\/p>\n                    \n                <\/div>\n\n                                    <a href=\"https:\/\/www.ceramiquesalbert.com\/productes\/parquets\/\" class=\"page__more\">Leer m\u00e1s<i class=\"fas fa-long-arrow-alt-right\"><\/i><\/a>\n                                \n            <\/div>\n\n        \n    \t\t\t\t<\/div>\n\t\t\t\t<\/div>\n\t\t\t\t\t<\/div>\n\t\t<\/div>\n\t\t\t\t\t<\/div>\n\t\t<\/section>\n\t\t\t\t<\/div>\n\t\t","protected":false},"excerpt":{"rendered":"<p>Revestimientos Revestiments i paviments cer\u00e0mics; porcell\u00e0nics. Leer m\u00e1s Sanitarios Sanitaris, plats de dutxa i grifaries de bany i cuina. Leer m\u00e1s Muebles de ba\u00f1o Mampares, mobles de bany i accessoris de bany. Leer m\u00e1s Parquets Parquets flotants, sint\u00e8ntics, encolats i mass\u00edsos. Leer m\u00e1s<\/p>\n","protected":false},"author":1,"featured_media":0,"parent":0,"menu_order":0,"comment_status":"closed","ping_status":"closed","template":"","meta":{"_acf_changed":false,"_monsterinsights_skip_tracking":false,"_monsterinsights_sitenote_active":false,"_monsterinsights_sitenote_note":"","_monsterinsights_sitenote_category":0,"footnotes":""},"class_list":["post-3550","page","type-page","status-publish","hentry"],"acf":[],"aioseo_notices":[],"_links":{"self":[{"href":"https:\/\/www.ceramiquesalbert.com\/es\/wp-json\/wp\/v2\/pages\/3550","targetHints":{"allow":["GET"]}}],"collection":[{"href":"https:\/\/www.ceramiquesalbert.com\/es\/wp-json\/wp\/v2\/pages"}],"about":[{"href":"https:\/\/www.ceramiquesalbert.com\/es\/wp-json\/wp\/v2\/types\/page"}],"author":[{"embeddable":true,"href":"https:\/\/www.ceramiquesalbert.com\/es\/wp-json\/wp\/v2\/users\/1"}],"replies":[{"embeddable":true,"href":"https:\/\/www.ceramiquesalbert.com\/es\/wp-json\/wp\/v2\/comments?post=3550"}],"version-history":[{"count":17,"href":"https:\/\/www.ceramiquesalbert.com\/es\/wp-json\/wp\/v2\/pages\/3550\/revisions"}],"predecessor-version":[{"id":3810,"href":"https:\/\/www.ceramiquesalbert.com\/es\/wp-json\/wp\/v2\/pages\/3550\/revisions\/3810"}],"wp:attachment":[{"href":"https:\/\/www.ceramiquesalbert.com\/es\/wp-json\/wp\/v2\/media?parent=3550"}],"curies":[{"name":"wp","href":"https:\/\/api.w.org\/{rel}","templated":true}]}}